{"id":833,"date":"2023-11-13T15:54:46","date_gmt":"2023-11-13T14:54:46","guid":{"rendered":"https:\/\/formacion.valenciacf.com\/contacto\/"},"modified":"2025-08-29T14:11:25","modified_gmt":"2025-08-29T12:11:25","slug":"contacto","status":"publish","type":"page","link":"https:\/\/formacion.valenciacf.com\/en\/contacto\/","title":{"rendered":"Contacto"},"content":{"rendered":"\t<section class=\"section\" id=\"section_1404093294\">\n\t\t<div class=\"bg section-bg fill bg-fill  bg-loaded\" >\n\n\t\t\t\n\t\t\t\n\t\t\t\n\n\t\t<\/div>\n\n\t\t\n\n\t\t<div class=\"section-content relative\">\n\t\t\t\n\t<div id=\"gap-1535313981\" class=\"gap-element clearfix\" style=\"display:block; height:auto;\">\n\t\t\n<style>\n#gap-1535313981 {\n  padding-top: 8rem;\n}\n<\/style>\n\t<\/div>\n\t\n<div class=\"row row-collapse row-full-width align-equal\"  id=\"row-1142526691\">\n\n\t<div id=\"col-1214141592\" class=\"col medium-6 small-12 large-6\"  >\n\t\t\t\t<div class=\"col-inner\"  >\n\t\t\t\n\t<div class=\"is-border\"\n\t\tstyle=\"border-color:rgb(244, 121, 32);border-width:1px 0px 1px 0px;\">\n\t<\/div>\n\t\t\t\n\t<div id=\"gap-965666802\" class=\"gap-element clearfix\" style=\"display:block; height:auto;\">\n\t\t\n<style>\n#gap-965666802 {\n  padding-top: 30px;\n}\n<\/style>\n\t<\/div>\n\t\n\t<div id=\"text-1309307194\" class=\"text\">\n\t\t\n<h1><strong>Information, questions and suggestions<\/strong><\/h1>\n\t\t\n<style>\n#text-1309307194 {\n  font-size: 1.3rem;\n  color: rgb(255,255,255);\n}\n#text-1309307194 > * {\n  color: rgb(255,255,255);\n}\n<\/style>\n\t<\/div>\n\t\n\n<div class=\"frm_forms  with_frm_style frm_style_formidable-style\" id=\"frm_form_3_container\" data-token=\"545332728b51d7c176985cb609fff42f\">\n<form enctype=\"multipart\/form-data\" method=\"post\" class=\"frm-show-form  frm_pro_form \" id=\"form_contact-form22\" data-token=\"545332728b51d7c176985cb609fff42f\">\n<div class=\"frm_form_fields \">\n<fieldset>\n<legend class=\"frm_screen_reader\">Contacto EN<\/legend>\r\n\r\n<div class=\"frm_fields_container\">\n<input type=\"hidden\" name=\"frm_action\" value=\"create\" \/>\n<input type=\"hidden\" name=\"form_id\" value=\"3\" \/>\n<input type=\"hidden\" name=\"frm_hide_fields_3\" id=\"frm_hide_fields_3\" value=\"\" \/>\n<input type=\"hidden\" name=\"form_key\" value=\"contact-form22\" \/>\n<input type=\"hidden\" name=\"item_meta[0]\" value=\"\" \/>\n<input type=\"hidden\" id=\"frm_submit_entry_3\" name=\"frm_submit_entry_3\" value=\"8b6b6e9adf\" \/><input type=\"hidden\" name=\"_wp_http_referer\" value=\"\/en\/wp-json\/wp\/v2\/pages\/833\" \/><div id=\"frm_field_17_container\" class=\"frm_form_field form-field  frm_required_field frm_none_container frm_first frm_half\">\r\n    <label for=\"field_qh4icy3\" id=\"field_qh4icy3_label\" class=\"frm_primary_label\">Nombre\r\n        <span class=\"frm_required\" aria-hidden=\"true\">*<\/span>\r\n    <\/label>\r\n    <input  type=\"text\" id=\"field_qh4icy3\" name=\"item_meta[17]\" value=\"\"  placeholder=\"Name *\" data-reqmsg=\"Este campo no puede estar en blanco.\" aria-required=\"true\" data-invmsg=\"Name no es v\u00e1lido\" aria-invalid=\"false\"   \/>\r\n    \r\n    \r\n<\/div>\n<div id=\"frm_field_18_container\" class=\"frm_form_field form-field  frm_required_field frm_none_container frm_half\">\r\n    <label for=\"field_ocfup1\" id=\"field_ocfup1_label\" class=\"frm_primary_label\">Apellidos\r\n        <span class=\"frm_required\" aria-hidden=\"true\">*<\/span>\r\n    <\/label>\r\n    <input  type=\"text\" id=\"field_ocfup1\" name=\"item_meta[18]\" value=\"\"  placeholder=\"Surname *\" data-reqmsg=\"Este campo no puede estar en blanco.\" aria-required=\"true\" data-invmsg=\"Last no es v\u00e1lido\" aria-invalid=\"false\"   \/>\r\n    \r\n    \r\n<\/div>\n<div id=\"frm_field_19_container\" class=\"frm_form_field form-field  frm_required_field frm_none_container frm6 frm_first\">\r\n    <label for=\"field_29yf4d3\" id=\"field_29yf4d3_label\" class=\"frm_primary_label\">Email\r\n        <span class=\"frm_required\" aria-hidden=\"true\">*<\/span>\r\n    <\/label>\r\n    <input type=\"email\" id=\"field_29yf4d3\" name=\"item_meta[19]\" value=\"\"  placeholder=\"Email *\" data-reqmsg=\"Este campo no puede estar en blanco.\" aria-required=\"true\" data-invmsg=\"Please enter a valid email address\" aria-invalid=\"false\"  \/>\r\n    \r\n    \r\n<\/div>\n<div id=\"frm_field_20_container\" class=\"frm_form_field form-field  frm_required_field frm_none_container frm6\">\r\n    <label for=\"field_sbejh3\" id=\"field_sbejh3_label\" class=\"frm_primary_label\">Tel\u00e9fono\r\n        <span class=\"frm_required\" aria-hidden=\"true\">*<\/span>\r\n    <\/label>\r\n    <input type=\"tel\" id=\"field_sbejh3\" name=\"item_meta[20]\" value=\"\"  placeholder=\"Phone *\" data-reqmsg=\"Este campo no puede estar en blanco.\" aria-required=\"true\" data-invmsg=\"Tel\u00e9fono no es v\u00e1lido\" aria-invalid=\"false\" pattern=\"((\\+\\d{1,3}(-|.| )?\\(?\\d\\)?(-| |.)?\\d{1,5})|(\\(?\\d{2,6}\\)?))(-|.| )?(\\d{3,4})(-|.| )?(\\d{4})(( x| ext)\\d{1,5}){0,1}$\"  \/>\r\n    \r\n    \r\n<\/div>\n<div id=\"frm_field_21_container\" class=\"frm_form_field form-field  frm_required_field frm_none_container frm_full\">\r\n    <label for=\"field_9jv0r1\" id=\"field_9jv0r1_label\" class=\"frm_primary_label\">Mensaje\r\n        <span class=\"frm_required\" aria-hidden=\"true\">*<\/span>\r\n    <\/label>\r\n    <textarea name=\"item_meta[21]\" id=\"field_9jv0r1\" rows=\"2\"  placeholder=\"Message\" data-reqmsg=\"Este campo no puede estar en blanco.\" aria-required=\"true\" data-invmsg=\"Mensaje no es v\u00e1lido\" aria-invalid=\"false\"  ><\/textarea>\r\n    \r\n    \r\n<\/div>\n<div id=\"frm_field_22_container\" class=\"frm_form_field form-field  frm_required_field frm_none_container politicas vertical_radio\">\r\n    <div  id=\"field_5t9hl3_label\" class=\"frm_primary_label\">RGPD\r\n        <span class=\"frm_required\" aria-hidden=\"true\">*<\/span>\r\n    <\/div>\r\n    <div class=\"frm_opt_container\" aria-labelledby=\"field_5t9hl3_label\" role=\"group\">\t\t<div class=\"frm_checkbox\" id=\"frm_checkbox_22-0\">\t\t\t<label  for=\"field_5t9hl3-0\">\n\t\t\t<input type=\"checkbox\" name=\"item_meta[22][]\" id=\"field_5t9hl3-0\" value=\"I have read and accept the  &lt;a href=&quot;\/en\/aviso-legal\/&quot; target=&quot;_blank&quot;&gt;Legal Notice&lt;\/a&gt; and &lt;a target=&quot;_blank&quot; href=&quot;\/en\/politica-privacidad\/&quot;&gt;Privacy policy&lt;\/a&gt;\"  data-reqmsg=\"Este campo no puede estar en blanco.\" data-invmsg=\"RGPD is invalid\" aria-invalid=\"false\"   aria-required=\"true\"  \/> I have read and accept the  <a href=\"\/en\/aviso-legal\/\" target=\"_blank\">Legal Notice<\/a> and <a target=\"_blank\" href=\"\/en\/politica-privacidad\/\">Privacy policy<\/a><\/label><\/div>\n<\/div>\r\n    \r\n    \r\n<\/div>\n\t<input type=\"hidden\" name=\"item_key\" value=\"\" \/>\n\t\t\t\t<div class=\"frm__6552379feefbe\">\n\t\t\t\t<label for=\"frm_email_3\" >\n\t\t\t\t\tIf you are human, leave this field blank.\t\t\t\t<\/label>\n\t\t\t\t<input  id=\"frm_email_3\" type=\"email\" class=\"frm_verify\" name=\"frm__6552379feefbe\" value=\"\"  \/>\n\t\t\t<\/div>\n\t\t<input name=\"frm_state\" type=\"hidden\" value=\"AJQfm3\/ebP2hWMBNtYefUCiMBO3AZSxeQj\/00eyJS\/8=\" \/><div class=\"frm_submit\">\r\n\r\n<button class=\"frm_button_submit frm_final_submit\" type=\"submit\"   formnovalidate=\"formnovalidate\">SEND<\/button>\r\n\r\n\r\n<\/div><\/div>\n<\/fieldset>\n<\/div>\n\n<\/form>\n<\/div>\n\n\n\t\t<\/div>\n\t\t\t\t\n<style>\n#col-1214141592 > .col-inner {\n  padding: 2rem 4rem 2rem 4rem;\n}\n<\/style>\n\t<\/div>\n\n\t\n\n\t<div id=\"col-1596338961\" class=\"col medium-6 small-12 large-6\"  >\n\t\t\t\t<div class=\"col-inner text-center\"  >\n\t\t\t\n\t<div class=\"is-border\"\n\t\tstyle=\"border-color:rgb(244, 121, 32);border-width:1px 0px 1px 1px;\">\n\t<\/div>\n\t\t\t\n\n<p><iframe src=\"https:\/\/www.google.com\/maps\/embed?pb=!1m18!1m12!1m3!1d4355.394376854773!2d-0.3501829897682966!3d39.47545284462624!2m3!1f0!2f0!3f0!3m2!1i1024!2i768!4f13.1!3m3!1m2!1s0xd604898eb0d1125%3A0x8e3996b11505647e!2sESBS%20by%20AMOS!5e0!3m2!1ses!2ses!4v1699979147768!5m2!1ses!2ses\" width=\"600\" height=\"450\" style=\"border:0;\" allowfullscreen=\"\" loading=\"lazy\" referrerpolicy=\"no-referrer-when-downgrade\"><\/iframe><br \/>\n\n\t\t<\/div>\n\t\t\t\t\n<style>\n#col-1596338961 > .col-inner {\n  padding: 2rem 2rem 2rem 2rem;\n}\n<\/style>\n\t<\/div>\n\n\t\n<\/div>\n<div class=\"row row-collapse row-full-width align-equal\"  id=\"row-1923112273\">\n\n\t<div id=\"col-310141063\" class=\"col medium-4 small-12 large-4\"  >\n\t\t\t\t<div class=\"col-inner\"  >\n\t\t\t\n\t<div class=\"is-border\"\n\t\tstyle=\"border-color:rgb(244, 121, 32);border-width:0px 0px 1px 0px;\">\n\t<\/div>\n\t\t\t\n\n\t\t<div class=\"icon-box featured-box icon-box-left text-left\"  style=\"margin:0px 0px 0px 0px;\">\n\t\t\t\t\t<div class=\"icon-box-img\" style=\"width: 50px\">\n\t\t\t\t<div class=\"icon\">\n\t\t\t\t\t<div class=\"icon-inner\" >\n\t\t\t\t\t\t<img loading=\"lazy\" decoding=\"async\" width=\"32\" height=\"32\" src=\"https:\/\/formacion.valenciacf.com\/wp-content\/uploads\/2023\/11\/Frame-4.svg\" class=\"attachment-medium size-medium\" alt=\"\" \/>\t\t\t\t\t<\/div>\n\t\t\t\t<\/div>\n\t\t\t<\/div>\n\t\t\t\t<div class=\"icon-box-text last-reset\">\n\t\t\t\t\t\t\t\t\t\n\t<div id=\"gap-1082126022\" class=\"gap-element clearfix\" style=\"display:block; height:auto;\">\n\t\t\n<style>\n#gap-1082126022 {\n  padding-top: 20px;\n}\n<\/style>\n\t<\/div>\n\t\n\t<div id=\"text-3150749217\" class=\"text\">\n\t\t\n<p>Avenida Catalu\u00f1a, 6 &#8211; 46021 Valencia, Spain<\/p>\n\t\t\n<style>\n#text-3150749217 {\n  line-height: 1;\n  color: rgb(255,255,255);\n}\n#text-3150749217 > * {\n  color: rgb(255,255,255);\n}\n<\/style>\n\t<\/div>\n\t\n\t\t<\/div>\n\t<\/div>\n\t\n\t\n\t\t<\/div>\n\t\t\t\t\n<style>\n#col-310141063 > .col-inner {\n  padding: 2rem 2rem 2rem 2rem;\n}\n<\/style>\n\t<\/div>\n\n\t\n\n\t<div id=\"col-2121633325\" class=\"col medium-4 small-12 large-4\"  >\n\t\t\t\t<div class=\"col-inner\"  >\n\t\t\t\n\t<div class=\"is-border\"\n\t\tstyle=\"border-color:rgb(244, 121, 32);border-width:0px 0px 1px 0px;\">\n\t<\/div>\n\t\t\t\n\n\t\t<div class=\"icon-box featured-box icon-box-left text-left\"  style=\"margin:0px 0px 0px 0px;\">\n\t\t\t\t\t<div class=\"icon-box-img\" style=\"width: 50px\">\n\t\t\t\t<div class=\"icon\">\n\t\t\t\t\t<div class=\"icon-inner\" >\n\t\t\t\t\t\t<img loading=\"lazy\" decoding=\"async\" width=\"32\" height=\"32\" src=\"https:\/\/formacion.valenciacf.com\/wp-content\/uploads\/2023\/11\/Frame-5.svg\" class=\"attachment-medium size-medium\" alt=\"\" \/>\t\t\t\t\t<\/div>\n\t\t\t\t<\/div>\n\t\t\t<\/div>\n\t\t\t\t<div class=\"icon-box-text last-reset\">\n\t\t\t\t\t\t\t\t\t\n\t<div id=\"gap-45198763\" class=\"gap-element clearfix\" style=\"display:block; height:auto;\">\n\t\t\n<style>\n#gap-45198763 {\n  padding-top: 20px;\n}\n<\/style>\n\t<\/div>\n\t\n\t<div id=\"text-584252387\" class=\"text\">\n\t\t\n<p>formacion@valenciacf.es | info@esbs-spain.com<\/p>\n\t\t\n<style>\n#text-584252387 {\n  line-height: 1;\n  color: rgb(255,255,255);\n}\n#text-584252387 > * {\n  color: rgb(255,255,255);\n}\n<\/style>\n\t<\/div>\n\t\n\t\t<\/div>\n\t<\/div>\n\t\n\t\n\t\t<\/div>\n\t\t\t\t\n<style>\n#col-2121633325 > .col-inner {\n  padding: 2rem 2rem 2rem 2rem;\n}\n<\/style>\n\t<\/div>\n\n\t\n\n\t<div id=\"col-886018787\" class=\"col medium-4 small-12 large-4\"  >\n\t\t\t\t<div class=\"col-inner\"  >\n\t\t\t\n\t<div class=\"is-border\"\n\t\tstyle=\"border-color:rgb(244, 121, 32);border-width:0px 0px 1px 0px;\">\n\t<\/div>\n\t\t\t\n\n\t\t<div class=\"icon-box featured-box icon-box-left text-left\"  style=\"margin:0px 0px 0px 0px;\">\n\t\t\t\t\t<div class=\"icon-box-img\" style=\"width: 50px\">\n\t\t\t\t<div class=\"icon\">\n\t\t\t\t\t<div class=\"icon-inner\" >\n\t\t\t\t\t\t<img loading=\"lazy\" decoding=\"async\" width=\"32\" height=\"32\" src=\"https:\/\/formacion.valenciacf.com\/wp-content\/uploads\/2023\/11\/Frame-6.svg\" class=\"attachment-medium size-medium\" alt=\"\" \/>\t\t\t\t\t<\/div>\n\t\t\t\t<\/div>\n\t\t\t<\/div>\n\t\t\t\t<div class=\"icon-box-text last-reset\">\n\t\t\t\t\t\t\t\t\t\n\t<div id=\"gap-1589812188\" class=\"gap-element clearfix\" style=\"display:block; height:auto;\">\n\t\t\n<style>\n#gap-1589812188 {\n  padding-top: 20px;\n}\n<\/style>\n\t<\/div>\n\t\n\t<div id=\"text-1493328724\" class=\"text\">\n\t\t\n<p>+34 636 350 711 | +34 961 486 323<\/p>\n\t\t\n<style>\n#text-1493328724 {\n  line-height: 1;\n  color: rgb(255,255,255);\n}\n#text-1493328724 > * {\n  color: rgb(255,255,255);\n}\n<\/style>\n\t<\/div>\n\t\n\t\t<\/div>\n\t<\/div>\n\t\n\t\n\t\t<\/div>\n\t\t\t\t\n<style>\n#col-886018787 > .col-inner {\n  padding: 2rem 2rem 2rem 2rem;\n}\n<\/style>\n\t<\/div>\n\n\t\n<\/div>\n\t\t<\/div>\n\n\t\t\n<style>\n#section_1404093294 {\n  padding-top: 30px;\n  padding-bottom: 30px;\n  background-color: #1f1c18;\n}\n<\/style>\n\t<\/section>\n\t\n","protected":false},"excerpt":{"rendered":"","protected":false},"author":1,"featured_media":0,"parent":0,"menu_order":10,"comment_status":"closed","ping_status":"closed","template":"","meta":{"_acf_changed":false,"footnotes":""},"class_list":["post-833","page","type-page","status-publish","hentry"],"acf":[],"yoast_head":"<!-- This site is optimized with the Yoast SEO plugin v24.6 - https:\/\/yoast.com\/wordpress\/plugins\/seo\/ -->\n<title>Contact Us | Centro de Formaci\u00f3n Valencia CF<\/title>\n<meta name=\"description\" content=\"If you have any questions or need advice, please contact us by mail or call us. If you prefer, you can visit us at C\/ Ramon Llull 19.\" \/>\n<meta name=\"robots\" content=\"index, follow, max-snippet:-1, max-image-preview:large, max-video-preview:-1\" \/>\n<link rel=\"canonical\" href=\"https:\/\/formacion.valenciacf.com\/en\/contacto\/\" \/>\n<meta property=\"og:locale\" content=\"en_US\" \/>\n<meta property=\"og:type\" content=\"article\" \/>\n<meta property=\"og:title\" content=\"Contact Us | Centro de Formaci\u00f3n Valencia CF\" \/>\n<meta property=\"og:description\" content=\"If you have any questions or need advice, please contact us by mail or call us. If you prefer, you can visit us at C\/ Ramon Llull 19.\" \/>\n<meta property=\"og:url\" content=\"https:\/\/formacion.valenciacf.com\/en\/contacto\/\" \/>\n<meta property=\"og:site_name\" content=\"Centro de Formaci\u00f3n Fundaci\u00f3n Valencia Club de F\u00fatbol\" \/>\n<meta property=\"article:publisher\" content=\"https:\/\/www.facebook.com\/FormacionFundacionValenciaCF\" \/>\n<meta property=\"article:modified_time\" content=\"2025-08-29T12:11:25+00:00\" \/>\n<meta property=\"og:image\" content=\"https:\/\/formacion.valenciacf.com\/wp-content\/uploads\/2023\/11\/galeria_carrousel-2.jpg\" \/>\n\t<meta property=\"og:image:width\" content=\"440\" \/>\n\t<meta property=\"og:image:height\" content=\"302\" \/>\n\t<meta property=\"og:image:type\" content=\"image\/jpeg\" \/>\n<meta name=\"twitter:card\" content=\"summary_large_image\" \/>\n<meta name=\"twitter:site\" content=\"@FormacionVCF\" \/>\n<meta name=\"twitter:label1\" content=\"Est. reading time\" \/>\n\t<meta name=\"twitter:data1\" content=\"1 minute\" \/>\n<script type=\"application\/ld+json\" class=\"yoast-schema-graph\">{\"@context\":\"https:\/\/schema.org\",\"@graph\":[{\"@type\":\"WebPage\",\"@id\":\"https:\/\/formacion.valenciacf.com\/en\/contacto\/\",\"url\":\"https:\/\/formacion.valenciacf.com\/en\/contacto\/\",\"name\":\"Contact Us | Centro de Formaci\u00f3n Valencia CF\",\"isPartOf\":{\"@id\":\"https:\/\/formacion.valenciacf.com\/en\/#website\"},\"datePublished\":\"2023-11-13T14:54:46+00:00\",\"dateModified\":\"2025-08-29T12:11:25+00:00\",\"description\":\"If you have any questions or need advice, please contact us by mail or call us. If you prefer, you can visit us at C\/ Ramon Llull 19.\",\"breadcrumb\":{\"@id\":\"https:\/\/formacion.valenciacf.com\/en\/contacto\/#breadcrumb\"},\"inLanguage\":\"en-US\",\"potentialAction\":[{\"@type\":\"ReadAction\",\"target\":[\"https:\/\/formacion.valenciacf.com\/en\/contacto\/\"]}]},{\"@type\":\"BreadcrumbList\",\"@id\":\"https:\/\/formacion.valenciacf.com\/en\/contacto\/#breadcrumb\",\"itemListElement\":[{\"@type\":\"ListItem\",\"position\":1,\"name\":\"Portada\",\"item\":\"https:\/\/formacion.valenciacf.com\/en\/\"},{\"@type\":\"ListItem\",\"position\":2,\"name\":\"Contacto\"}]},{\"@type\":\"WebSite\",\"@id\":\"https:\/\/formacion.valenciacf.com\/en\/#website\",\"url\":\"https:\/\/formacion.valenciacf.com\/en\/\",\"name\":\"Centro de Formaci\u00f3n Fundaci\u00f3n Valencia Club de F\u00fatbol\",\"description\":\"\",\"publisher\":{\"@id\":\"https:\/\/formacion.valenciacf.com\/en\/#organization\"},\"potentialAction\":[{\"@type\":\"SearchAction\",\"target\":{\"@type\":\"EntryPoint\",\"urlTemplate\":\"https:\/\/formacion.valenciacf.com\/en\/?s={search_term_string}\"},\"query-input\":{\"@type\":\"PropertyValueSpecification\",\"valueRequired\":true,\"valueName\":\"search_term_string\"}}],\"inLanguage\":\"en-US\"},{\"@type\":\"Organization\",\"@id\":\"https:\/\/formacion.valenciacf.com\/en\/#organization\",\"name\":\"Centro de Formaci\u00f3n Fundaci\u00f3 Valencia C.F\",\"url\":\"https:\/\/formacion.valenciacf.com\/en\/\",\"logo\":{\"@type\":\"ImageObject\",\"inLanguage\":\"en-US\",\"@id\":\"https:\/\/formacion.valenciacf.com\/en\/#\/schema\/logo\/image\/\",\"url\":\"https:\/\/formacion.valenciacf.com\/wp-content\/uploads\/2023\/11\/cropped-FAVICON.png\",\"contentUrl\":\"https:\/\/formacion.valenciacf.com\/wp-content\/uploads\/2023\/11\/cropped-FAVICON.png\",\"width\":512,\"height\":512,\"caption\":\"Centro de Formaci\u00f3n Fundaci\u00f3 Valencia C.F\"},\"image\":{\"@id\":\"https:\/\/formacion.valenciacf.com\/en\/#\/schema\/logo\/image\/\"},\"sameAs\":[\"https:\/\/www.facebook.com\/FormacionFundacionValenciaCF\",\"https:\/\/x.com\/FormacionVCF\",\"https:\/\/www.youtube.com\/user\/TVTheAcademy\/\",\"https:\/\/www.linkedin.com\/company\/centro-de-formaci-n-fundaci-n-valencia-cf\"]}]}<\/script>\n<!-- \/ Yoast SEO plugin. -->","yoast_head_json":{"title":"Contact Us | Centro de Formaci\u00f3n Valencia CF","description":"If you have any questions or need advice, please contact us by mail or call us. If you prefer, you can visit us at C\/ Ramon Llull 19.","robots":{"index":"index","follow":"follow","max-snippet":"max-snippet:-1","max-image-preview":"max-image-preview:large","max-video-preview":"max-video-preview:-1"},"canonical":"https:\/\/formacion.valenciacf.com\/en\/contacto\/","og_locale":"en_US","og_type":"article","og_title":"Contact Us | Centro de Formaci\u00f3n Valencia CF","og_description":"If you have any questions or need advice, please contact us by mail or call us. If you prefer, you can visit us at C\/ Ramon Llull 19.","og_url":"https:\/\/formacion.valenciacf.com\/en\/contacto\/","og_site_name":"Centro de Formaci\u00f3n Fundaci\u00f3n Valencia Club de F\u00fatbol","article_publisher":"https:\/\/www.facebook.com\/FormacionFundacionValenciaCF","article_modified_time":"2025-08-29T12:11:25+00:00","og_image":[{"width":440,"height":302,"url":"https:\/\/formacion.valenciacf.com\/wp-content\/uploads\/2023\/11\/galeria_carrousel-2.jpg","type":"image\/jpeg"}],"twitter_card":"summary_large_image","twitter_site":"@FormacionVCF","twitter_misc":{"Est. reading time":"1 minute"},"schema":{"@context":"https:\/\/schema.org","@graph":[{"@type":"WebPage","@id":"https:\/\/formacion.valenciacf.com\/en\/contacto\/","url":"https:\/\/formacion.valenciacf.com\/en\/contacto\/","name":"Contact Us | Centro de Formaci\u00f3n Valencia CF","isPartOf":{"@id":"https:\/\/formacion.valenciacf.com\/en\/#website"},"datePublished":"2023-11-13T14:54:46+00:00","dateModified":"2025-08-29T12:11:25+00:00","description":"If you have any questions or need advice, please contact us by mail or call us. If you prefer, you can visit us at C\/ Ramon Llull 19.","breadcrumb":{"@id":"https:\/\/formacion.valenciacf.com\/en\/contacto\/#breadcrumb"},"inLanguage":"en-US","potentialAction":[{"@type":"ReadAction","target":["https:\/\/formacion.valenciacf.com\/en\/contacto\/"]}]},{"@type":"BreadcrumbList","@id":"https:\/\/formacion.valenciacf.com\/en\/contacto\/#breadcrumb","itemListElement":[{"@type":"ListItem","position":1,"name":"Portada","item":"https:\/\/formacion.valenciacf.com\/en\/"},{"@type":"ListItem","position":2,"name":"Contacto"}]},{"@type":"WebSite","@id":"https:\/\/formacion.valenciacf.com\/en\/#website","url":"https:\/\/formacion.valenciacf.com\/en\/","name":"Centro de Formaci\u00f3n Fundaci\u00f3n Valencia Club de F\u00fatbol","description":"","publisher":{"@id":"https:\/\/formacion.valenciacf.com\/en\/#organization"},"potentialAction":[{"@type":"SearchAction","target":{"@type":"EntryPoint","urlTemplate":"https:\/\/formacion.valenciacf.com\/en\/?s={search_term_string}"},"query-input":{"@type":"PropertyValueSpecification","valueRequired":true,"valueName":"search_term_string"}}],"inLanguage":"en-US"},{"@type":"Organization","@id":"https:\/\/formacion.valenciacf.com\/en\/#organization","name":"Centro de Formaci\u00f3n Fundaci\u00f3 Valencia C.F","url":"https:\/\/formacion.valenciacf.com\/en\/","logo":{"@type":"ImageObject","inLanguage":"en-US","@id":"https:\/\/formacion.valenciacf.com\/en\/#\/schema\/logo\/image\/","url":"https:\/\/formacion.valenciacf.com\/wp-content\/uploads\/2023\/11\/cropped-FAVICON.png","contentUrl":"https:\/\/formacion.valenciacf.com\/wp-content\/uploads\/2023\/11\/cropped-FAVICON.png","width":512,"height":512,"caption":"Centro de Formaci\u00f3n Fundaci\u00f3 Valencia C.F"},"image":{"@id":"https:\/\/formacion.valenciacf.com\/en\/#\/schema\/logo\/image\/"},"sameAs":["https:\/\/www.facebook.com\/FormacionFundacionValenciaCF","https:\/\/x.com\/FormacionVCF","https:\/\/www.youtube.com\/user\/TVTheAcademy\/","https:\/\/www.linkedin.com\/company\/centro-de-formaci-n-fundaci-n-valencia-cf"]}]}},"_links":{"self":[{"href":"https:\/\/formacion.valenciacf.com\/en\/wp-json\/wp\/v2\/pages\/833","targetHints":{"allow":["GET"]}}],"collection":[{"href":"https:\/\/formacion.valenciacf.com\/en\/wp-json\/wp\/v2\/pages"}],"about":[{"href":"https:\/\/formacion.valenciacf.com\/en\/wp-json\/wp\/v2\/types\/page"}],"author":[{"embeddable":true,"href":"https:\/\/formacion.valenciacf.com\/en\/wp-json\/wp\/v2\/users\/1"}],"replies":[{"embeddable":true,"href":"https:\/\/formacion.valenciacf.com\/en\/wp-json\/wp\/v2\/comments?post=833"}],"version-history":[{"count":6,"href":"https:\/\/formacion.valenciacf.com\/en\/wp-json\/wp\/v2\/pages\/833\/revisions"}],"predecessor-version":[{"id":981,"href":"https:\/\/formacion.valenciacf.com\/en\/wp-json\/wp\/v2\/pages\/833\/revisions\/981"}],"wp:attachment":[{"href":"https:\/\/formacion.valenciacf.com\/en\/wp-json\/wp\/v2\/media?parent=833"}],"curies":[{"name":"wp","href":"https:\/\/api.w.org\/{rel}","templated":true}]}}